{"id":225,"date":"2023-03-17T15:03:46","date_gmt":"2023-03-17T13:03:46","guid":{"rendered":"https:\/\/events.edi.lv\/iwoedi2023\/?page_id=225"},"modified":"2023-11-28T13:37:05","modified_gmt":"2023-11-28T11:37:05","slug":"pdfs-of-abstracts","status":"publish","type":"page","link":"https:\/\/events.edi.lv\/iwoedi2023\/pdfs-of-abstracts\/","title":{"rendered":"PDFs of Abstracts"},"content":{"rendered":"\n<p><em>Attention!<\/em><\/p>\n\n\n\n<p><em>The authors of IWoEDI extended abstracts may reuse the text and figures from their abstract in other scientific publications, provided that:<\/em><\/p>\n\n\n\n<p><em>1) the abstract is cited by the new publication;<\/em><\/p>\n\n\n\n<p><em>2) the following type of notice is added to the <\/em><em>new publication<\/em><em>: &#8220;This work {is based on<\/em><em> \/ uses materials from} extended abstract [citation] presented in the International Workshop on Embedded Digital Intelligence (IWoEDI&#8217;2023)&#8221;<\/em><\/p>\n\n\n\n<figure class=\"wp-block-table\"><table><tbody><tr><td><strong>Session \/ Authors &amp; Article Title<\/strong><\/td><\/tr><tr><td><strong>Robotics<\/strong><\/td><\/tr><tr><td><a href=\"https:\/\/events.edi.lv\/iwoedi2023\/wp-content\/uploads\/sites\/2\/2023\/06\/IWoEDI-2023-System-Architecture-for-Robotic-Arm-Adjustment-to-Different-Objects-in-Pick-and-Place-Tasks.pdf\">Anatolijs Zencovs, Arturs Simkuns, Aly Oraby, Diana Duplevska, Maksims Ivanovs and Roberts Kadikis. System Architecture for Robotic Arm Adjustment to Different Objects in Pick-and-Place Tasks.<\/a><\/td><\/tr><tr><td><a href=\"https:\/\/events.edi.lv\/iwoedi2023\/wp-content\/uploads\/sites\/2\/2023\/06\/IWoEDI-2023-The-Concept-of-Efficient-Tool-Path-Generation-Method-for-Industrial-Robots.pdf\">Mantas Makulavicius, Justas Makut\u0117nas, Dominykas \u010ci\u010diur\u0117nas, Vytautas Bu\u010dinskas and Andrius Dzedzickis. The Concept of Efficient Tool Path Generation Method for Industrial Robots.<\/a><\/td><\/tr><tr><td><a href=\"https:\/\/events.edi.lv\/iwoedi2023\/wp-content\/uploads\/sites\/2\/2023\/06\/IWoEDI-2023-Design-and-implementation-of-a-microrobot-system-for-manipulation-of-microscopic-objects.pdf\">Oskars Vismanis, Janis Arents, Vytautas Bu\u010dinskas, Andrius Dzedzickis, Brijesh Patel, Wei-Cheng Tung, Po Ting Lin and Modris Greitans. Design and implementation of a microrobot system for manipulation of microscopic objects.<\/a><\/td><\/tr><tr><td><a href=\"https:\/\/events.edi.lv\/iwoedi2023\/wp-content\/uploads\/sites\/2\/2023\/06\/IWoEDI-2023-Design-and-implementation-of-a-microrobot-system-for-manipulation-of-microscopic-objects.pdf\">Jurga Suba\u010di\u016bt\u0117 \u2013 \u017demaitien\u0117, Andrius Dzedzickis, Vytautas Bu\u010dinskas, Rokas Bagdonas. Experimental evaluation of microrobot positioning accuracy.<\/a><\/td><\/tr><tr><td>Andris Lapins, Janis Arents, Modris Greitans. Augmenting a Pre-Trained Object Detection Model with Planar Pose Estimation Capability.<\/td><\/tr><tr><td><\/td><\/tr><tr><td><strong>Bioimpedance and Intra-Body Communication<\/strong><\/td><\/tr><tr><td>Anar Abdullayev, Paul Annus, Andrei Krivo\u0161ei, Margus Metshein, Olev M\u00e4rtens and Marek Rist. Improved PWM-based Sinewave Generation: Example of the Impedance Measurement<\/td><\/tr><tr><td><a href=\"https:\/\/events.edi.lv\/iwoedi2023\/wp-content\/uploads\/sites\/2\/2023\/06\/IWoEDI-2023-Model-of-the-Human-Body-as-Signal-Transmission-Medium-for-Body-Coupled-Communication.pdf\">Vladimirs Aristovs, Atis Elsts. Model of the Human Body as Signal Transmission Medium for Body-Coupled Communication.<\/a><\/td><\/tr><tr><td><a href=\"https:\/\/events.edi.lv\/iwoedi2023\/wp-content\/uploads\/sites\/2\/2023\/06\/IWoEDI-2023-Remote-complex-resistance-measurement.pdf\">Vladimirs Aristovs. Remote Complex Resistance Measurement.<\/a><\/td><\/tr><tr><td><a href=\"https:\/\/events.edi.lv\/iwoedi2023\/wp-content\/uploads\/sites\/2\/2023\/06\/IWoEDI-2023-Simulating-the-Physical-Layer-of-Body-Coupled-Communication-Protocols.pdf\">Vladislavs Medvedevs, Atis Elsts. Simulating the Physical Layer of Body-Coupled Communication Protocols.<\/a><\/td><\/tr><tr><td><\/td><\/tr><tr><td><strong>Wired and Wireless Networks &amp; Infrastructures<\/strong><\/td><\/tr><tr><td><a href=\"https:\/\/events.edi.lv\/iwoedi2023\/wp-content\/uploads\/sites\/2\/2023\/06\/IWoEDI-2023-Wired-Communication-Protocol-for-Body-Sensor-Network-A-Solution-for-Sensor-Data-Acquisition.pdf\">Armands Ancans. Wired Communication Protocol for Body Sensor Network: A Solution for Sensor Data Acquisition.<\/a><\/td><\/tr><tr><td><a href=\"https:\/\/events.edi.lv\/iwoedi2023\/wp-content\/uploads\/sites\/2\/2023\/06\/IWoEDI-2023-Wearable-Device-RF-Fingerprinting_-an-Experimental-Study-Using-COTS-Hardware.pdf\">Artis Ru\u0161i\u0146\u0161, Eduards Blumbergs, Deniss Ti\u0161\u010denko, Kirils Solovjovs and P\u0113teris Paikens. Wearable Device RF Fingerprinting: an Experimental Study Using COTS Hardware.<\/a><\/td><\/tr><tr><td><a href=\"https:\/\/events.edi.lv\/iwoedi2023\/wp-content\/uploads\/sites\/2\/2023\/06\/IWoEDI-2023-Supply-and-demand-in-Wireless-Sensor-Network-Testbeds.pdf\">Janis Judvaitis and Leo Selavo. Supply and Demand in Wireless Sensor <\/a><a href=\"https:\/\/events.edi.lv\/iwoedi2023\/wp-content\/uploads\/sites\/2\/2023\/06\/IWoEDI-2023-Supply-and-demand-in-Wireless-Sensor-Network-Testbeds-1.pdf\">Network <\/a><a href=\"https:\/\/events.edi.lv\/iwoedi2023\/wp-content\/uploads\/sites\/2\/2023\/06\/IWoEDI-2023-Supply-and-demand-in-Wireless-Sensor-Network-Testbeds.pdf\">Testbeds.<\/a><\/td><\/tr><tr><td><a href=\"https:\/\/events.edi.lv\/iwoedi2023\/wp-content\/uploads\/sites\/2\/2023\/06\/IWoEDI-2023-Physical-and-Digital-Infrastructure-for-Vulnerable-Road-User-Protection.pdf\">Amr Elkenawy, Roberts Kadi\u0137is and Kaspars Ozols. Physical and Digital Infrastructure for Vulnerable Road User Protection.<\/a><\/td><\/tr><tr><td><\/td><\/tr><tr><td><strong>Statistics<\/strong><\/td><\/tr><tr><td>Alexander Andronov, Diana Santalova Thordarson, Hao Yub. On an interrupted bivariate renewal process and its applications.<\/td><\/tr><tr><td>Nicholas Nechval, Gundars Berzins, Konstantin Nechval. New Applications of Computational Intelligence for Constructing Predictive or Optimal Statistical Decisions under Parametric Uncertainty.<\/td><\/tr><tr><td><\/td><\/tr><tr><td><strong>Machine Learning and Anomaly Detection<\/strong><\/td><\/tr><tr><td><a href=\"https:\/\/events.edi.lv\/iwoedi2023\/wp-content\/uploads\/sites\/2\/2023\/06\/IWoEDI-2023-Artificial-Inteligence-Powered-System-for-Identifying-Bone-Deterioration-in-Radiological-Imaging.pdf\">Kaspars Sudars, Ivars Namatevs, Arturs Nikulins, Edgars Edelmers, Laura Neimane, Anda Slaidina, Oskars Radzins. Artificial Intelligence-Powered System for Identifying Bone Deterioration in Radiological Imaging.<\/a><\/td><\/tr><tr><td><a href=\"https:\/\/events.edi.lv\/iwoedi2023\/wp-content\/uploads\/sites\/2\/2023\/11\/Izhikevich_neuron_implementation.pdf\" data-type=\"link\" data-id=\"https:\/\/events.edi.lv\/iwoedi2023\/wp-content\/uploads\/sites\/2\/2023\/11\/Izhikevich_neuron_implementation.pdf\">Edgars Liel\u0101murs. Izhikevich neuron implementation for accurate spiking neural network simulations in neuromorphic hardware.<\/a><\/td><\/tr><tr><td><a href=\"https:\/\/events.edi.lv\/iwoedi2023\/wp-content\/uploads\/sites\/2\/2023\/06\/IWoEDI-2023-Pattern-recognition-algorithms-for-extraction-of-factors-of-interest-from-ultrasonic-data.pdf\">Aleksejs Tatarinov, Aleksandrs Sisojevs and Anastasija Chaplinska. Pattern recognition algorithms for extraction of factors of interest from ultrasonic data.<\/a><\/td><\/tr><tr><td><a href=\"https:\/\/events.edi.lv\/iwoedi2023\/wp-content\/uploads\/sites\/2\/2023\/06\/IWoEDI-2023-Detecting-tree-crown-injuries-as-remote-sensing-data-anomalies.pdf\">Linda Gulbe. Detecting tree crown injuries as remote sensing data anomalies.<\/a><\/td><\/tr><tr><td><\/td><\/tr><tr><td><strong>Robotics, IoT and smart sensors<\/strong><\/td><\/tr><tr><td><a href=\"https:\/\/events.edi.lv\/iwoedi2023\/wp-content\/uploads\/sites\/2\/2023\/06\/IWoEDI-2023-Bringing-IoT-closer-to-carbon-neutrality.pdf\">Rihards Balass, Krisjanis Nesenbergs. Bringing IoT closer to carbon neutrality.<\/a><\/td><\/tr><tr><td><a href=\"https:\/\/events.edi.lv\/iwoedi2023\/wp-content\/uploads\/sites\/2\/2023\/06\/IWoEDI-2023-Towards-a-Multi-modal-Multi-layer-Mapping-Framework-for-Autonomous-Robotics-an-Outline.pdf\">Peteris Racinskis, Janis Arents and Modris Greitans. Towards a Multi-modal, Multi-layer Mapping Framework for Autonomous Robotics \u2013 an Outline.<\/a><\/td><\/tr><tr><td><a href=\"https:\/\/events.edi.lv\/iwoedi2023\/wp-content\/uploads\/sites\/2\/2023\/06\/IWoEDI-2023-Open-set-Semantic-Search-in-Unstructured-Environments.pdf\">Paulis Barzdins, Ingus Pretkalnins, Guntis Barzdins. Open-set Semantic Search in Unstructured Environments.<\/a><\/td><\/tr><tr><td><a href=\"https:\/\/events.edi.lv\/iwoedi2023\/wp-content\/uploads\/sites\/2\/2023\/06\/IWoEDI-2023-Applying-a-Differentiable-Physics-Simulation-to-Move-Objects-with-Fluid-Streams-1.pdf\">Oskars Teikmanis, Laura Leja, K\u0101rlis Freivalds. Applying a Differentiable Physics Simulation to Move Objects with Fluid Streams.<\/a><\/td><\/tr><tr><td><a href=\"https:\/\/events.edi.lv\/iwoedi2023\/wp-content\/uploads\/sites\/2\/2023\/06\/IWoEDI-2023-Review-on-distributed-learning-for-IoT-Edge-Cloud-continuum.pdf\">Audris Arzovs and Krisjanis Nesenbergs. Review on distributed learning for IoT-Edge-Cloud continuum.<\/a><\/td><\/tr><tr><td><a href=\"https:\/\/events.edi.lv\/iwoedi2023\/wp-content\/uploads\/sites\/2\/2023\/06\/IWoEDI-2023-Interactive-wearable-feedback-system.pdf\">Vladislavs Medvedevs, Beate Banga, Armands Ancans and Krisjanis Nesenbergs. Interactive wearable feedback system.<\/a><\/td><\/tr><\/tbody><\/table><\/figure>\n","protected":false},"excerpt":{"rendered":"<p>Attention! The authors of IWoEDI extended abstracts may reuse the text and figures from their abstract in other scientific publications, provided that: 1) the abstract is cited by the new publication; 2) the following type of notice is added to the new publication: &#8220;This work {is based on \/ uses materials from} extended abstract [citation] &hellip; <\/p>\n","protected":false},"author":1,"featured_media":0,"parent":0,"menu_order":0,"comment_status":"closed","ping_status":"closed","template":"","meta":{"footnotes":""},"class_list":["post-225","page","type-page","status-publish","hentry"],"_links":{"self":[{"href":"https:\/\/events.edi.lv\/iwoedi2023\/wp-json\/wp\/v2\/pages\/225","targetHints":{"allow":["GET"]}}],"collection":[{"href":"https:\/\/events.edi.lv\/iwoedi2023\/wp-json\/wp\/v2\/pages"}],"about":[{"href":"https:\/\/events.edi.lv\/iwoedi2023\/wp-json\/wp\/v2\/types\/page"}],"author":[{"embeddable":true,"href":"https:\/\/events.edi.lv\/iwoedi2023\/wp-json\/wp\/v2\/users\/1"}],"replies":[{"embeddable":true,"href":"https:\/\/events.edi.lv\/iwoedi2023\/wp-json\/wp\/v2\/comments?post=225"}],"version-history":[{"count":24,"href":"https:\/\/events.edi.lv\/iwoedi2023\/wp-json\/wp\/v2\/pages\/225\/revisions"}],"predecessor-version":[{"id":369,"href":"https:\/\/events.edi.lv\/iwoedi2023\/wp-json\/wp\/v2\/pages\/225\/revisions\/369"}],"wp:attachment":[{"href":"https:\/\/events.edi.lv\/iwoedi2023\/wp-json\/wp\/v2\/media?parent=225"}],"curies":[{"name":"wp","href":"https:\/\/api.w.org\/{rel}","templated":true}]}}