{"id":36,"date":"2023-03-04T15:41:45","date_gmt":"2023-03-04T13:41:45","guid":{"rendered":"https:\/\/events.edi.lv\/iwoedi2023\/?page_id=36"},"modified":"2023-05-16T12:49:36","modified_gmt":"2023-05-16T10:49:36","slug":"program-committee","status":"publish","type":"page","link":"https:\/\/events.edi.lv\/iwoedi2023\/program-committee\/","title":{"rendered":"Program Committee"},"content":{"rendered":"\n<p><strong>Program Committee chair: Atis Elsts (EDI)<br>Program Committee members:<\/strong><br>Alexander M. Andronov (Riga Technical University)<br>Yuri A. Chizhov (Riga Technical University)<br>Pavel Osipov (Riga Technical University)<br>Leo Se\u013c\u0101vo (EDI \/ University of Latvia)<br>K\u0101rlis Freivalds (EDI \/ University of Latvia)<br>Juris Breidaks (EDI \/ Riga Stradins University)<br>Ints Mednieks (EDI)<br>Rolands \u0160\u0101velis (EDI)<br>J\u0101nis \u0100rents (EDI)<br>Maksims Ivanovs (EDI)<br>Nicholas A. Nechval (BVEF Research Institute, University of Latvia)<br>Margus Metshein (Estonia, Tallinn University of Technology)<br>Andrius Dzedzickis (Lithuania, Vilnius Gediminas technical university)<br>Rims Janeliuk\u0161tis (Riga Technical University \/ EDI)<br>Ingr\u012bda Lavrinovi\u010da (EDI)<\/p>\n\n\n\n<hr class=\"wp-block-separator has-alpha-channel-opacity\"\/>\n\n\n\n<p><strong>Additional Reviewers:<\/strong><br>Armands Anc\u0101ns (EDI)<br>Didzis Lapsa (EDI)<br><br><\/p>\n\n\n\n<p><\/p>\n\n\n\n<p><\/p>\n","protected":false},"excerpt":{"rendered":"<p>Program Committee chair: Atis Elsts (EDI)Program Committee members:Alexander M. Andronov (Riga Technical University)Yuri A. Chizhov (Riga Technical University)Pavel Osipov (Riga Technical University)Leo Se\u013c\u0101vo (EDI \/ University of Latvia)K\u0101rlis Freivalds (EDI \/ University of Latvia)Juris Breidaks (EDI \/ Riga Stradins University)Ints Mednieks (EDI)Rolands \u0160\u0101velis (EDI)J\u0101nis \u0100rents (EDI)Maksims Ivanovs (EDI)Nicholas A. Nechval (BVEF Research Institute, University of &hellip; <\/p>\n","protected":false},"author":1,"featured_media":0,"parent":0,"menu_order":0,"comment_status":"closed","ping_status":"closed","template":"","meta":{"footnotes":""},"class_list":["post-36","page","type-page","status-publish","hentry"],"_links":{"self":[{"href":"https:\/\/events.edi.lv\/iwoedi2023\/wp-json\/wp\/v2\/pages\/36","targetHints":{"allow":["GET"]}}],"collection":[{"href":"https:\/\/events.edi.lv\/iwoedi2023\/wp-json\/wp\/v2\/pages"}],"about":[{"href":"https:\/\/events.edi.lv\/iwoedi2023\/wp-json\/wp\/v2\/types\/page"}],"author":[{"embeddable":true,"href":"https:\/\/events.edi.lv\/iwoedi2023\/wp-json\/wp\/v2\/users\/1"}],"replies":[{"embeddable":true,"href":"https:\/\/events.edi.lv\/iwoedi2023\/wp-json\/wp\/v2\/comments?post=36"}],"version-history":[{"count":11,"href":"https:\/\/events.edi.lv\/iwoedi2023\/wp-json\/wp\/v2\/pages\/36\/revisions"}],"predecessor-version":[{"id":282,"href":"https:\/\/events.edi.lv\/iwoedi2023\/wp-json\/wp\/v2\/pages\/36\/revisions\/282"}],"wp:attachment":[{"href":"https:\/\/events.edi.lv\/iwoedi2023\/wp-json\/wp\/v2\/media?parent=36"}],"curies":[{"name":"wp","href":"https:\/\/api.w.org\/{rel}","templated":true}]}}